{"id":2626,"date":"2024-10-14T11:53:12","date_gmt":"2024-10-14T15:53:12","guid":{"rendered":"https:\/\/gymnasticscan.wpenginepowered.com\/?page_id=2626"},"modified":"2025-06-10T10:18:06","modified_gmt":"2025-06-10T14:18:06","slug":"personnel-de-gymcan","status":"publish","type":"page","link":"https:\/\/gymcan.org\/fr\/sport-securitaire\/personnel-de-gymcan\/","title":{"rendered":"Comit\u00e9 directeur de s\u00e9curit\u00e9 en gymnastique"},"content":{"rendered":"","protected":false},"excerpt":{"rendered":"","protected":false},"author":1,"featured_media":0,"parent":879,"menu_order":0,"comment_status":"closed","ping_status":"closed","template":"","meta":{"_monsterinsights_skip_tracking":false,"_monsterinsights_sitenote_active":false,"_monsterinsights_sitenote_note":"","_monsterinsights_sitenote_category":0,"footnotes":""},"class_list":["post-2626","page","type-page","status-publish","hentry"],"aioseo_notices":[],"meta_box":[],"_links":{"self":[{"href":"https:\/\/gymcan.org\/fr\/wp-json\/wp\/v2\/pages\/2626","targetHints":{"allow":["GET"]}}],"collection":[{"href":"https:\/\/gymcan.org\/fr\/wp-json\/wp\/v2\/pages"}],"about":[{"href":"https:\/\/gymcan.org\/fr\/wp-json\/wp\/v2\/types\/page"}],"author":[{"embeddable":true,"href":"https:\/\/gymcan.org\/fr\/wp-json\/wp\/v2\/users\/1"}],"replies":[{"embeddable":true,"href":"https:\/\/gymcan.org\/fr\/wp-json\/wp\/v2\/comments?post=2626"}],"version-history":[{"count":0,"href":"https:\/\/gymcan.org\/fr\/wp-json\/wp\/v2\/pages\/2626\/revisions"}],"up":[{"embeddable":true,"href":"https:\/\/gymcan.org\/fr\/wp-json\/wp\/v2\/pages\/879"}],"wp:attachment":[{"href":"https:\/\/gymcan.org\/fr\/wp-json\/wp\/v2\/media?parent=2626"}],"curies":[{"name":"wp","href":"https:\/\/api.w.org\/{rel}","templated":true}]}}